{"id":760,"date":"2018-03-05T17:44:11","date_gmt":"2018-03-05T16:44:11","guid":{"rendered":"http:\/\/salto-vocale.de\/wp\/?page_id=760"},"modified":"2025-11-17T18:15:30","modified_gmt":"2025-11-17T17:15:30","slug":"ueber-uns","status":"publish","type":"page","link":"http:\/\/www.salto-vocale.de\/wp\/ueber-uns\/","title":{"rendered":"\u00dcber uns"},"content":{"rendered":"<p><span style=\"font-size: 20px;\">Der Salto Vocale stellt sich Ihnen vor.<\/span><\/p>\n<p><span style=\"font-size: 20px;\">W\u00e4hlen Sie den f\u00fcr Sie interessanten Men\u00fcpunkt aus.<\/span><\/p>\n","protected":false},"excerpt":{"rendered":"<p>Der Salto Vocale stellt sich Ihnen vor. W\u00e4hlen Sie den f\u00fcr Sie interessanten Men\u00fcpunkt aus.<\/p>\n","protected":false},"author":1,"featured_media":0,"parent":0,"menu_order":0,"comment_status":"closed","ping_status":"closed","template":"","meta":{"ngg_post_thumbnail":0,"_mc_calendar":[],"footnotes":""},"class_list":["post-760","page","type-page","status-publish","hentry"],"publishpress_future_action":{"enabled":false,"date":"2026-05-10 11:38:28","action":"change-status","newStatus":"draft","terms":[],"taxonomy":"","extraData":[]},"publishpress_future_workflow_manual_trigger":{"enabledWorkflows":[]},"_links":{"self":[{"href":"http:\/\/www.salto-vocale.de\/wp\/wp-json\/wp\/v2\/pages\/760","targetHints":{"allow":["GET"]}}],"collection":[{"href":"http:\/\/www.salto-vocale.de\/wp\/wp-json\/wp\/v2\/pages"}],"about":[{"href":"http:\/\/www.salto-vocale.de\/wp\/wp-json\/wp\/v2\/types\/page"}],"author":[{"embeddable":true,"href":"http:\/\/www.salto-vocale.de\/wp\/wp-json\/wp\/v2\/users\/1"}],"replies":[{"embeddable":true,"href":"http:\/\/www.salto-vocale.de\/wp\/wp-json\/wp\/v2\/comments?post=760"}],"version-history":[{"count":0,"href":"http:\/\/www.salto-vocale.de\/wp\/wp-json\/wp\/v2\/pages\/760\/revisions"}],"wp:attachment":[{"href":"http:\/\/www.salto-vocale.de\/wp\/wp-json\/wp\/v2\/media?parent=760"}],"curies":[{"name":"wp","href":"https:\/\/api.w.org\/{rel}","templated":true}]}}